{"id":10,"date":"2023-09-24T20:03:41","date_gmt":"2023-09-24T20:03:41","guid":{"rendered":"https:\/\/www.galaxycarpet.com.tr\/?page_id=10"},"modified":"2023-09-25T05:55:21","modified_gmt":"2023-09-25T05:55:21","slug":"iletisim","status":"publish","type":"page","link":"https:\/\/www.galaxycarpet.com.tr\/?page_id=10","title":{"rendered":"\u0130leti\u015fim"},"content":{"rendered":"\n<p><\/p>\n\n\n\n<p><\/p>\n\n\n\n<p><\/p>\n\n\n\n<iframe src=\"https:\/\/www.google.com\/maps\/embed?pb=!1m18!1m12!1m3!1d101647.25551682837!2d37.29285832051715!3d37.236394954600385!2m3!1f0!2f0!3f0!3m2!1i1024!2i768!4f13.1!3m3!1m2!1s0x1531fd2d40533b91%3A0xfe7b023dc4fe5d1f!2sKary%C3%BCn%20HALI!5e0!3m2!1str!2str!4v1695585786066!5m2!1str!2str\" width=\"100%\" height=\"100%\" style=\"border:0;\" allowfullscreen=\"\" loading=\"lazy\" referrerpolicy=\"no-referrer-when-downgrade\"><\/iframe>\n\n\n\n<figure class=\"wp-block-table\"><table><tbody><tr><td colspan=\"3\">GALAXY HALI TEKST\u0130L SAN. VE T\u0130C. LTD. \u015eT\u0130.<\/td><\/tr><tr><td colspan=\"3\">BA\u015ePINAR (ORGAN\u0130ZE) OSB 5.ORGAN\u0130ZE SANAY\u0130 B\u00d6LGES\u0130 (G\u00d6KS\u00dcNC\u00dcK MEVK\u0130\u0130) 83537 NOLU CADDE NO:8 GAZ\u0130ANTEP \/ \u015eEH\u0130TKAM\u0130L<\/td><\/tr><tr><td><a href=\"tel:+903425031866\">3425031866<\/a><\/td><td><\/td><td>info@galaxycarpet.com<\/td><\/tr><tr><td>TEKST\u0130L<\/td><td colspan=\"2\">       5.B\u00f6lge<\/td><\/tr><\/tbody><\/table><\/figure>\n","protected":false},"excerpt":{"rendered":"<p>GALAXY HALI TEKST\u0130L SAN. VE T\u0130C. LTD. \u015eT\u0130. BA\u015ePINAR (ORGAN\u0130ZE) OSB 5.ORGAN\u0130ZE SANAY\u0130 B\u00d6LGES\u0130 (G\u00d6KS\u00dcNC\u00dcK MEVK\u0130\u0130) 83537 NOLU CADDE NO:8 GAZ\u0130ANTEP \/ \u015eEH\u0130TKAM\u0130L 3425031866 info@galaxycarpet.com TEKST\u0130L 5.B\u00f6lge<\/p>\n","protected":false},"author":1,"featured_media":0,"parent":0,"menu_order":0,"comment_status":"closed","ping_status":"closed","template":"","meta":{"footnotes":""},"class_list":["post-10","page","type-page","status-publish","hentry"],"_links":{"self":[{"href":"https:\/\/www.galaxycarpet.com.tr\/index.php?rest_route=\/wp\/v2\/pages\/10","targetHints":{"allow":["GET"]}}],"collection":[{"href":"https:\/\/www.galaxycarpet.com.tr\/index.php?rest_route=\/wp\/v2\/pages"}],"about":[{"href":"https:\/\/www.galaxycarpet.com.tr\/index.php?rest_route=\/wp\/v2\/types\/page"}],"author":[{"embeddable":true,"href":"https:\/\/www.galaxycarpet.com.tr\/index.php?rest_route=\/wp\/v2\/users\/1"}],"replies":[{"embeddable":true,"href":"https:\/\/www.galaxycarpet.com.tr\/index.php?rest_route=%2Fwp%2Fv2%2Fcomments&post=10"}],"version-history":[{"count":7,"href":"https:\/\/www.galaxycarpet.com.tr\/index.php?rest_route=\/wp\/v2\/pages\/10\/revisions"}],"predecessor-version":[{"id":28,"href":"https:\/\/www.galaxycarpet.com.tr\/index.php?rest_route=\/wp\/v2\/pages\/10\/revisions\/28"}],"wp:attachment":[{"href":"https:\/\/www.galaxycarpet.com.tr\/index.php?rest_route=%2Fwp%2Fv2%2Fmedia&parent=10"}],"curies":[{"name":"wp","href":"https:\/\/api.w.org\/{rel}","templated":true}]}}