{"id":2,"date":"2023-09-24T13:52:57","date_gmt":"2023-09-24T13:52:57","guid":{"rendered":"https:\/\/www.galaxycarpet.com.tr\/?page_id=2"},"modified":"2023-09-25T06:14:18","modified_gmt":"2023-09-25T06:14:18","slug":"sample-page","status":"publish","type":"page","link":"https:\/\/www.galaxycarpet.com.tr\/?page_id=2","title":{"rendered":"Banka Hesap Numaralar\u0131"},"content":{"rendered":"\n<p><\/p>\n\n\n\n<p><\/p>\n\n\n\n<p><\/p>\n\n\n\n<p>GALAXY TEKST\u0130L HALI \u0130\u00c7 VE DI\u015e T\u0130C.LTD.\u015eT\u0130<\/p>\n\n\n\n<figure class=\"wp-block-table\"><table><tbody><tr><td>Banka<\/td><td>Swift<\/td><td>$ \/ \u20ac<\/td><td>IBAN<\/td><\/tr><tr><td>Akbank<\/td><td>AKBKTRIS<\/td><td>$ USD<\/td><td>TR98 0004 6003 8500 1000 1666 18<\/td><\/tr><tr><td>Akbank<\/td><td>AKBKTRIS<\/td><td>\u20ac EURO<\/td><td>TR21 0004 6003 8503 6000 1666 20<\/td><\/tr><tr><td>GARANT\u0130<\/td><td>TGBATRISXXX<\/td><td>$ USD<\/td><td>TR50 0006 2001 2090 0009 0926 67<\/td><\/tr><tr><td>GARANT\u0130<\/td><td>TGBATRISXXX<\/td><td>\u20ac EURO<\/td><td>TR18 0006 2001 2090 0009 0926 61<\/td><\/tr><\/tbody><\/table><\/figure>\n","protected":false},"excerpt":{"rendered":"<p>GALAXY TEKST\u0130L HALI \u0130\u00c7 VE DI\u015e T\u0130C.LTD.\u015eT\u0130 Banka Swift $ \/ \u20ac IBAN Akbank AKBKTRIS $ USD TR98 0004 6003 8500 1000 1666 18 Akbank AKBKTRIS \u20ac EURO TR21 0004 6003 8503 6000 1666 20 GARANT\u0130 TGBATRISXXX $ USD TR50 0006 2001 2090 0009 0926 67 GARANT\u0130 TGBATRISXXX \u20ac EURO TR18 0006 2001 2090 0009 [&hellip;]<\/p>\n","protected":false},"author":1,"featured_media":0,"parent":0,"menu_order":0,"comment_status":"closed","ping_status":"closed","template":"","meta":{"footnotes":""},"class_list":["post-2","page","type-page","status-publish","hentry"],"_links":{"self":[{"href":"https:\/\/www.galaxycarpet.com.tr\/index.php?rest_route=\/wp\/v2\/pages\/2","targetHints":{"allow":["GET"]}}],"collection":[{"href":"https:\/\/www.galaxycarpet.com.tr\/index.php?rest_route=\/wp\/v2\/pages"}],"about":[{"href":"https:\/\/www.galaxycarpet.com.tr\/index.php?rest_route=\/wp\/v2\/types\/page"}],"author":[{"embeddable":true,"href":"https:\/\/www.galaxycarpet.com.tr\/index.php?rest_route=\/wp\/v2\/users\/1"}],"replies":[{"embeddable":true,"href":"https:\/\/www.galaxycarpet.com.tr\/index.php?rest_route=%2Fwp%2Fv2%2Fcomments&post=2"}],"version-history":[{"count":2,"href":"https:\/\/www.galaxycarpet.com.tr\/index.php?rest_route=\/wp\/v2\/pages\/2\/revisions"}],"predecessor-version":[{"id":92,"href":"https:\/\/www.galaxycarpet.com.tr\/index.php?rest_route=\/wp\/v2\/pages\/2\/revisions\/92"}],"wp:attachment":[{"href":"https:\/\/www.galaxycarpet.com.tr\/index.php?rest_route=%2Fwp%2Fv2%2Fmedia&parent=2"}],"curies":[{"name":"wp","href":"https:\/\/api.w.org\/{rel}","templated":true}]}}